{"id":2042,"date":"2026-02-06T16:22:33","date_gmt":"2026-02-06T16:22:33","guid":{"rendered":"https:\/\/suaventura.com\/trips\/cortes-de-pallas\/"},"modified":"2026-03-06T17:34:54","modified_gmt":"2026-03-06T17:34:54","slug":"cortes-de-pallas","status":"publish","type":"page","link":"https:\/\/suaventura.com\/en\/trips\/cortes-de-pallas\/","title":{"rendered":"Cortes de Pall\u00e1s"},"content":{"rendered":"\t\t<div data-elementor-type=\"wp-page\" data-elementor-id=\"2042\" class=\"elementor elementor-2042 elementor-921\" data-elementor-post-type=\"page\">\n\t\t\t\t<div class=\"elementor-element elementor-element-aeceada e-flex e-con-boxed e-con e-parent\" data-id=\"aeceada\" data-element_type=\"container\" data-e-type=\"container\" data-settings=\"{&quot;background_background&quot;:&quot;classic&quot;}\">\n\t\t\t\t\t<div class=\"e-con-inner\">\n\t\t<div class=\"elementor-element elementor-element-ae351e8 e-con-full e-flex e-con e-child\" data-id=\"ae351e8\" data-element_type=\"container\" data-e-type=\"container\">\n\t\t\t\t<div class=\"elementor-element elementor-element-aa8518a elementor-widget elementor-widget-heading\" data-id=\"aa8518a\" data-element_type=\"widget\" data-e-type=\"widget\" data-widget_type=\"heading.default\">\n\t\t\t\t\t<h2 class=\"elementor-heading-title elementor-size-default\">Cortes de Pall\u00e1s\n<\/h2>\t\t\t\t<\/div>\n\t\t\t\t<div class=\"elementor-element elementor-element-fbe7f70 elementor-widget elementor-widget-text-editor\" data-id=\"fbe7f70\" data-element_type=\"widget\" data-e-type=\"widget\" data-widget_type=\"text-editor.default\">\n\t\t\t\t\t\t\t\t\t<p><a href=\"https:\/\/maps.app.goo.gl\/jxsuLSxLdEiQbMmKA\"><img decoding=\"async\" class=\"size-full wp-image-445 alignnone\" src=\"https:\/\/suaventura.com\/wp-content\/uploads\/2026\/01\/map-pin.svg\" alt=\"\"><\/a> Cofrentes<\/p>\t\t\t\t\t\t\t\t<\/div>\n\t\t\t\t<\/div>\n\t\t\t\t\t<\/div>\n\t\t\t\t<\/div>\n\t\t<div class=\"elementor-element elementor-element-feb93fd e-flex e-con-boxed e-con e-parent\" data-id=\"feb93fd\" data-element_type=\"container\" data-e-type=\"container\">\n\t\t\t\t\t<div class=\"e-con-inner\">\n\t\t<div class=\"elementor-element elementor-element-58b9628 e-con-full e-flex e-con e-child\" data-id=\"58b9628\" data-element_type=\"container\" data-e-type=\"container\">\n\t\t\t\t<div class=\"elementor-element elementor-element-0efa015 elementor-widget elementor-widget-heading\" data-id=\"0efa015\" data-element_type=\"widget\" data-e-type=\"widget\" data-widget_type=\"heading.default\">\n\t\t\t\t\t<h3 class=\"elementor-heading-title elementor-size-default\">Cavanilles Trail or La Cortada Path<\/h3>\t\t\t\t<\/div>\n\t\t\t\t<div class=\"elementor-element elementor-element-f5111b7 elementor-widget elementor-widget-html\" data-id=\"f5111b7\" data-element_type=\"widget\" data-e-type=\"widget\" data-widget_type=\"html.default\">\n\t\t\t\t\t<iframe frameborder=\"0\" scrolling=\"no\" src=\"https:\/\/es.wikiloc.com\/wikiloc\/spatialArtifacts.do?event=view&amp;id=285823&amp;measures=on&amp;title=off&amp;near=on&amp;images=on&amp;maptype=H\" width=\"700\" height=\"600\"><\/iframe><div style=\"color:#777;font-size:11px;line-height:16px;\">Powered by <a style=\"color:#06d;font-size:11px;line-height:16px;\" target=\"_blank\" href=\"https:\/\/es.wikiloc.com\">Wikiloc<\/a><\/div>\t\t\t\t<\/div>\n\t\t\t\t<\/div>\n\t\t\t\t\t<\/div>\n\t\t\t\t<\/div>\n\t\t<div class=\"elementor-element elementor-element-f8f3da1 e-flex e-con-boxed e-con e-parent\" data-id=\"f8f3da1\" data-element_type=\"container\" data-e-type=\"container\">\n\t\t\t\t\t<div class=\"e-con-inner\">\n\t\t<div class=\"elementor-element elementor-element-b9bc769 e-con-full e-flex e-con e-child\" data-id=\"b9bc769\" data-element_type=\"container\" data-e-type=\"container\">\n\t\t\t\t<div class=\"elementor-element elementor-element-d907ddb elementor-widget elementor-widget-heading\" data-id=\"d907ddb\" data-element_type=\"widget\" data-e-type=\"widget\" data-widget_type=\"heading.default\">\n\t\t\t\t\t<h3 class=\"elementor-heading-title elementor-size-default\">Cortes de Pall\u00e1s \u2013 Cofrentes (Stage 1)<\/h3>\t\t\t\t<\/div>\n\t\t\t\t<div class=\"elementor-element elementor-element-9202baa elementor-widget elementor-widget-html\" data-id=\"9202baa\" data-element_type=\"widget\" data-e-type=\"widget\" data-widget_type=\"html.default\">\n\t\t\t\t\t<iframe frameborder=\"0\" scrolling=\"no\" src=\"https:\/\/es.wikiloc.com\/wikiloc\/spatialArtifacts.do?event=view&amp;id=6551442&amp;measures=on&amp;title=off&amp;near=on&amp;images=on&amp;maptype=H\" width=\"700\" height=\"600\"><\/iframe><div style=\"color:#777;font-size:11px;line-height:16px;\">Powered by <a style=\"color:#06d;font-size:11px;line-height:16px;\" target=\"_blank\" href=\"https:\/\/es.wikiloc.com\">Wikiloc<\/a><\/div>\t\t\t\t<\/div>\n\t\t\t\t<\/div>\n\t\t\t\t\t<\/div>\n\t\t\t\t<\/div>\n\t\t<div class=\"elementor-element elementor-element-02db6d3 e-flex e-con-boxed e-con e-parent\" data-id=\"02db6d3\" data-element_type=\"container\" data-e-type=\"container\">\n\t\t\t\t\t<div class=\"e-con-inner\">\n\t\t<div class=\"elementor-element elementor-element-6c73e00 e-con-full e-flex e-con e-child\" data-id=\"6c73e00\" data-element_type=\"container\" data-e-type=\"container\">\n\t\t\t\t<div class=\"elementor-element elementor-element-fe92572 elementor-widget elementor-widget-heading\" data-id=\"fe92572\" data-element_type=\"widget\" data-e-type=\"widget\" data-widget_type=\"heading.default\">\n\t\t\t\t\t<h3 class=\"elementor-heading-title elementor-size-default\">Cortes de Pall\u00e1s - Cofrentes Jetty\n<\/h3>\t\t\t\t<\/div>\n\t\t\t\t<div class=\"elementor-element elementor-element-6603a25 elementor-widget elementor-widget-html\" data-id=\"6603a25\" data-element_type=\"widget\" data-e-type=\"widget\" data-widget_type=\"html.default\">\n\t\t\t\t\t<iframe frameborder=\"0\" scrolling=\"no\" src=\"https:\/\/es.wikiloc.com\/wikiloc\/spatialArtifacts.do?event=view&amp;id=6551442&amp;measures=on&amp;title=off&amp;near=on&amp;images=on&amp;maptype=H\" width=\"700\" height=\"600\"><\/iframe><div style=\"color:#777;font-size:11px;line-height:16px;\">Powered by <a style=\"color:#06d;font-size:11px;line-height:16px;\" target=\"_blank\" href=\"https:\/\/es.wikiloc.com\">Wikiloc<\/a><\/div>\t\t\t\t<\/div>\n\t\t\t\t<\/div>\n\t\t\t\t\t<\/div>\n\t\t\t\t<\/div>\n\t\t<div class=\"elementor-element elementor-element-c03696c e-flex e-con-boxed e-con e-parent\" data-id=\"c03696c\" data-element_type=\"container\" data-e-type=\"container\">\n\t\t\t\t\t<div class=\"e-con-inner\">\n\t\t<div class=\"elementor-element elementor-element-99b65c7 e-con-full e-flex e-con e-child\" data-id=\"99b65c7\" data-element_type=\"container\" data-e-type=\"container\">\n\t\t\t\t<div class=\"elementor-element elementor-element-74e76d3 elementor-widget elementor-widget-heading\" data-id=\"74e76d3\" data-element_type=\"widget\" data-e-type=\"widget\" data-widget_type=\"heading.default\">\n\t\t\t\t\t<h3 class=\"elementor-heading-title elementor-size-default\">Piers - Chirel Castle<\/h3>\t\t\t\t<\/div>\n\t\t\t\t<div class=\"elementor-element elementor-element-650fa31 elementor-widget elementor-widget-html\" data-id=\"650fa31\" data-element_type=\"widget\" data-e-type=\"widget\" data-widget_type=\"html.default\">\n\t\t\t\t\t<iframe frameborder=\"0\" scrolling=\"no\" src=\"https:\/\/es.wikiloc.com\/wikiloc\/spatialArtifacts.do?event=view&amp;id=7842420&amp;measures=on&amp;title=off&amp;near=on&amp;images=on&amp;maptype=H\" width=\"700\" height=\"600\"><\/iframe><div style=\"color:#777;font-size:11px;line-height:16px;\">Powered by <a style=\"color:#06d;font-size:11px;line-height:16px;\" target=\"_blank\" href=\"https:\/\/es.wikiloc.com\">Wikiloc<\/a><\/div>\t\t\t\t<\/div>\n\t\t\t\t<\/div>\n\t\t\t\t\t<\/div>\n\t\t\t\t<\/div>\n\t\t\t\t<\/div>\n\t\t","protected":false},"excerpt":{"rendered":"<p>Cortes de Pall\u00e1s Cofrentes Cavanilles Trail or La Cortada Path Powered by Wikiloc Cortes de Pall\u00e1s \u2013 Cofrentes (Stage 1) Powered by Wikiloc Cortes de Pall\u00e1s &#8211; Cofrentes Jetty Powered by Wikiloc Piers &#8211; Chirel Castle Powered by Wikiloc<\/p>\n","protected":false},"author":1,"featured_media":0,"parent":2018,"menu_order":0,"comment_status":"closed","ping_status":"closed","template":"","meta":{"footnotes":""},"class_list":["post-2042","page","type-page","status-publish","hentry"],"yoast_head":"<!-- This site is optimized with the Yoast SEO plugin v27.4 - https:\/\/yoast.com\/product\/yoast-seo-wordpress\/ -->\n<title>Cortes de Pall\u00e1s - Suaventura<\/title>\n<meta name=\"robots\" content=\"index, follow, max-snippet:-1, max-image-preview:large, max-video-preview:-1\" \/>\n<link rel=\"canonical\" href=\"https:\/\/suaventura.com\/en\/trips\/cortes-de-pallas\/\" \/>\n<meta property=\"og:locale\" content=\"en_US\" \/>\n<meta property=\"og:type\" content=\"article\" \/>\n<meta property=\"og:title\" content=\"Cortes de Pall\u00e1s - Suaventura\" \/>\n<meta property=\"og:description\" content=\"Cortes de Pall\u00e1s Cofrentes Cavanilles Trail or La Cortada Path Powered by Wikiloc Cortes de Pall\u00e1s \u2013 Cofrentes (Stage 1) Powered by Wikiloc Cortes de Pall\u00e1s &#8211; Cofrentes Jetty Powered by Wikiloc Piers &#8211; Chirel Castle Powered by Wikiloc\" \/>\n<meta property=\"og:url\" content=\"https:\/\/suaventura.com\/en\/trips\/cortes-de-pallas\/\" \/>\n<meta property=\"og:site_name\" content=\"Suaventura\" \/>\n<meta property=\"article:publisher\" content=\"https:\/\/www.facebook.com\/suaventura\/\" \/>\n<meta property=\"article:modified_time\" content=\"2026-03-06T17:34:54+00:00\" \/>\n<meta name=\"twitter:card\" content=\"summary_large_image\" \/>\n<script type=\"application\/ld+json\" class=\"yoast-schema-graph\">{\"@context\":\"https:\\\/\\\/schema.org\",\"@graph\":[{\"@type\":\"WebPage\",\"@id\":\"https:\\\/\\\/suaventura.com\\\/en\\\/trips\\\/cortes-de-pallas\\\/\",\"url\":\"https:\\\/\\\/suaventura.com\\\/en\\\/trips\\\/cortes-de-pallas\\\/\",\"name\":\"Cortes de Pall\u00e1s - Suaventura\",\"isPartOf\":{\"@id\":\"https:\\\/\\\/suaventura.com\\\/en\\\/#website\"},\"primaryImageOfPage\":{\"@id\":\"https:\\\/\\\/suaventura.com\\\/en\\\/trips\\\/cortes-de-pallas\\\/#primaryimage\"},\"image\":{\"@id\":\"https:\\\/\\\/suaventura.com\\\/en\\\/trips\\\/cortes-de-pallas\\\/#primaryimage\"},\"thumbnailUrl\":\"https:\\\/\\\/suaventura.com\\\/wp-content\\\/uploads\\\/2026\\\/01\\\/map-pin.svg\",\"datePublished\":\"2026-02-06T16:22:33+00:00\",\"dateModified\":\"2026-03-06T17:34:54+00:00\",\"breadcrumb\":{\"@id\":\"https:\\\/\\\/suaventura.com\\\/en\\\/trips\\\/cortes-de-pallas\\\/#breadcrumb\"},\"inLanguage\":\"en-US\",\"potentialAction\":[{\"@type\":\"ReadAction\",\"target\":[\"https:\\\/\\\/suaventura.com\\\/en\\\/trips\\\/cortes-de-pallas\\\/\"]}]},{\"@type\":\"ImageObject\",\"inLanguage\":\"en-US\",\"@id\":\"https:\\\/\\\/suaventura.com\\\/en\\\/trips\\\/cortes-de-pallas\\\/#primaryimage\",\"url\":\"https:\\\/\\\/suaventura.com\\\/wp-content\\\/uploads\\\/2026\\\/01\\\/map-pin.svg\",\"contentUrl\":\"https:\\\/\\\/suaventura.com\\\/wp-content\\\/uploads\\\/2026\\\/01\\\/map-pin.svg\"},{\"@type\":\"BreadcrumbList\",\"@id\":\"https:\\\/\\\/suaventura.com\\\/en\\\/trips\\\/cortes-de-pallas\\\/#breadcrumb\",\"itemListElement\":[{\"@type\":\"ListItem\",\"position\":1,\"name\":\"Portada\",\"item\":\"https:\\\/\\\/suaventura.com\\\/en\\\/\"},{\"@type\":\"ListItem\",\"position\":2,\"name\":\"Trips\",\"item\":\"https:\\\/\\\/suaventura.com\\\/en\\\/trips\\\/\"},{\"@type\":\"ListItem\",\"position\":3,\"name\":\"Cortes de Pall\u00e1s\"}]},{\"@type\":\"WebSite\",\"@id\":\"https:\\\/\\\/suaventura.com\\\/en\\\/#website\",\"url\":\"https:\\\/\\\/suaventura.com\\\/en\\\/\",\"name\":\"Suaventura\",\"description\":\"Navega por un microparaiso \u00fanico en el mundo\",\"publisher\":{\"@id\":\"https:\\\/\\\/suaventura.com\\\/en\\\/#organization\"},\"potentialAction\":[{\"@type\":\"SearchAction\",\"target\":{\"@type\":\"EntryPoint\",\"urlTemplate\":\"https:\\\/\\\/suaventura.com\\\/en\\\/?s={search_term_string}\"},\"query-input\":{\"@type\":\"PropertyValueSpecification\",\"valueRequired\":true,\"valueName\":\"search_term_string\"}}],\"inLanguage\":\"en-US\"},{\"@type\":\"Organization\",\"@id\":\"https:\\\/\\\/suaventura.com\\\/en\\\/#organization\",\"name\":\"Viajes Suaventura\",\"url\":\"https:\\\/\\\/suaventura.com\\\/en\\\/\",\"logo\":{\"@type\":\"ImageObject\",\"inLanguage\":\"en-US\",\"@id\":\"https:\\\/\\\/suaventura.com\\\/en\\\/#\\\/schema\\\/logo\\\/image\\\/\",\"url\":\"https:\\\/\\\/suaventura.com\\\/wp-content\\\/uploads\\\/2026\\\/01\\\/image-2-1.svg\",\"contentUrl\":\"https:\\\/\\\/suaventura.com\\\/wp-content\\\/uploads\\\/2026\\\/01\\\/image-2-1.svg\",\"caption\":\"Viajes Suaventura\"},\"image\":{\"@id\":\"https:\\\/\\\/suaventura.com\\\/en\\\/#\\\/schema\\\/logo\\\/image\\\/\"},\"sameAs\":[\"https:\\\/\\\/www.facebook.com\\\/suaventura\\\/\",\"https:\\\/\\\/www.instagram.com\\\/suaventuraviajes\\\/\"]}]}<\/script>\n<!-- \/ Yoast SEO plugin. -->","yoast_head_json":{"title":"Cortes de Pall\u00e1s - Suaventura","robots":{"index":"index","follow":"follow","max-snippet":"max-snippet:-1","max-image-preview":"max-image-preview:large","max-video-preview":"max-video-preview:-1"},"canonical":"https:\/\/suaventura.com\/en\/trips\/cortes-de-pallas\/","og_locale":"en_US","og_type":"article","og_title":"Cortes de Pall\u00e1s - Suaventura","og_description":"Cortes de Pall\u00e1s Cofrentes Cavanilles Trail or La Cortada Path Powered by Wikiloc Cortes de Pall\u00e1s \u2013 Cofrentes (Stage 1) Powered by Wikiloc Cortes de Pall\u00e1s &#8211; Cofrentes Jetty Powered by Wikiloc Piers &#8211; Chirel Castle Powered by Wikiloc","og_url":"https:\/\/suaventura.com\/en\/trips\/cortes-de-pallas\/","og_site_name":"Suaventura","article_publisher":"https:\/\/www.facebook.com\/suaventura\/","article_modified_time":"2026-03-06T17:34:54+00:00","twitter_card":"summary_large_image","schema":{"@context":"https:\/\/schema.org","@graph":[{"@type":"WebPage","@id":"https:\/\/suaventura.com\/en\/trips\/cortes-de-pallas\/","url":"https:\/\/suaventura.com\/en\/trips\/cortes-de-pallas\/","name":"Cortes de Pall\u00e1s - Suaventura","isPartOf":{"@id":"https:\/\/suaventura.com\/en\/#website"},"primaryImageOfPage":{"@id":"https:\/\/suaventura.com\/en\/trips\/cortes-de-pallas\/#primaryimage"},"image":{"@id":"https:\/\/suaventura.com\/en\/trips\/cortes-de-pallas\/#primaryimage"},"thumbnailUrl":"https:\/\/suaventura.com\/wp-content\/uploads\/2026\/01\/map-pin.svg","datePublished":"2026-02-06T16:22:33+00:00","dateModified":"2026-03-06T17:34:54+00:00","breadcrumb":{"@id":"https:\/\/suaventura.com\/en\/trips\/cortes-de-pallas\/#breadcrumb"},"inLanguage":"en-US","potentialAction":[{"@type":"ReadAction","target":["https:\/\/suaventura.com\/en\/trips\/cortes-de-pallas\/"]}]},{"@type":"ImageObject","inLanguage":"en-US","@id":"https:\/\/suaventura.com\/en\/trips\/cortes-de-pallas\/#primaryimage","url":"https:\/\/suaventura.com\/wp-content\/uploads\/2026\/01\/map-pin.svg","contentUrl":"https:\/\/suaventura.com\/wp-content\/uploads\/2026\/01\/map-pin.svg"},{"@type":"BreadcrumbList","@id":"https:\/\/suaventura.com\/en\/trips\/cortes-de-pallas\/#breadcrumb","itemListElement":[{"@type":"ListItem","position":1,"name":"Portada","item":"https:\/\/suaventura.com\/en\/"},{"@type":"ListItem","position":2,"name":"Trips","item":"https:\/\/suaventura.com\/en\/trips\/"},{"@type":"ListItem","position":3,"name":"Cortes de Pall\u00e1s"}]},{"@type":"WebSite","@id":"https:\/\/suaventura.com\/en\/#website","url":"https:\/\/suaventura.com\/en\/","name":"Suaventura","description":"Navega por un microparaiso \u00fanico en el mundo","publisher":{"@id":"https:\/\/suaventura.com\/en\/#organization"},"potentialAction":[{"@type":"SearchAction","target":{"@type":"EntryPoint","urlTemplate":"https:\/\/suaventura.com\/en\/?s={search_term_string}"},"query-input":{"@type":"PropertyValueSpecification","valueRequired":true,"valueName":"search_term_string"}}],"inLanguage":"en-US"},{"@type":"Organization","@id":"https:\/\/suaventura.com\/en\/#organization","name":"Viajes Suaventura","url":"https:\/\/suaventura.com\/en\/","logo":{"@type":"ImageObject","inLanguage":"en-US","@id":"https:\/\/suaventura.com\/en\/#\/schema\/logo\/image\/","url":"https:\/\/suaventura.com\/wp-content\/uploads\/2026\/01\/image-2-1.svg","contentUrl":"https:\/\/suaventura.com\/wp-content\/uploads\/2026\/01\/image-2-1.svg","caption":"Viajes Suaventura"},"image":{"@id":"https:\/\/suaventura.com\/en\/#\/schema\/logo\/image\/"},"sameAs":["https:\/\/www.facebook.com\/suaventura\/","https:\/\/www.instagram.com\/suaventuraviajes\/"]}]}},"_links":{"self":[{"href":"https:\/\/suaventura.com\/en\/wp-json\/wp\/v2\/pages\/2042","targetHints":{"allow":["GET"]}}],"collection":[{"href":"https:\/\/suaventura.com\/en\/wp-json\/wp\/v2\/pages"}],"about":[{"href":"https:\/\/suaventura.com\/en\/wp-json\/wp\/v2\/types\/page"}],"author":[{"embeddable":true,"href":"https:\/\/suaventura.com\/en\/wp-json\/wp\/v2\/users\/1"}],"replies":[{"embeddable":true,"href":"https:\/\/suaventura.com\/en\/wp-json\/wp\/v2\/comments?post=2042"}],"version-history":[{"count":1,"href":"https:\/\/suaventura.com\/en\/wp-json\/wp\/v2\/pages\/2042\/revisions"}],"predecessor-version":[{"id":2044,"href":"https:\/\/suaventura.com\/en\/wp-json\/wp\/v2\/pages\/2042\/revisions\/2044"}],"up":[{"embeddable":true,"href":"https:\/\/suaventura.com\/en\/wp-json\/wp\/v2\/pages\/2018"}],"wp:attachment":[{"href":"https:\/\/suaventura.com\/en\/wp-json\/wp\/v2\/media?parent=2042"}],"curies":[{"name":"wp","href":"https:\/\/api.w.org\/{rel}","templated":true}]}}